{"id":32,"date":"2016-04-15T18:47:50","date_gmt":"2016-04-15T18:47:50","guid":{"rendered":"http:\/\/gruposdepesquisa.eerp.usp.br\/sites\/redenso\/?page_id=32"},"modified":"2016-04-18T13:53:24","modified_gmt":"2016-04-18T13:53:24","slug":"objetivos","status":"publish","type":"page","link":"https:\/\/gruposdepesquisa.eerp.usp.br\/sites\/redenso\/objetivos\/","title":{"rendered":"Objetivos"},"content":{"rendered":"<ol>\n<li style=\"text-align: justify;\">Identificar problemas, intereses y prioridades comunes relativos a la pr\u00e1ctica, gesti\u00f3n, investigaci\u00f3n y educaci\u00f3n de enfermeros en Enfermer\u00eda en Salud Ocupacional\/Salud del trabajador.<\/li>\n<li style=\"text-align: justify;\">Compartir metodolog\u00edas y recursos tecnol\u00f3gicos destinados a las actividades de cuidado, gesti\u00f3n, ense\u00f1anza, investigaci\u00f3n, informaci\u00f3n y cooperaci\u00f3n t\u00e9cnica relacionadas a la Enfermer\u00eda en Salud Ocupacional\/ Salud del Trabajador.<\/li>\n<li style=\"text-align: justify;\">Promover la producci\u00f3n y uso intensivo de informaci\u00f3n cient\u00edfico-t\u00e9cnica sobre Enfermer\u00eda en Salud Ocupacional\/ Salud del Trabajador.<\/li>\n<li style=\"text-align: justify;\">Establecimiento de prioridades de investigaci\u00f3n en Enfermer\u00eda Ocupacional en Salud \/ Salud del Trabajador.<\/li>\n<li style=\"text-align: justify;\">Fortalecer el proceso de atenci\u00f3n de enfermer\u00eda, ense\u00f1anza e investigaci\u00f3n en Enfermer\u00eda en Salud Ocupacional\/Salud del Trabajador;<br \/>\nOrientar el aprendizaje, el trabajo y las contribuciones de la Red al logro de la Cobertura Universal en Salud\/ Acceso Universal a salud.<\/li>\n<li style=\"text-align: justify;\">Promover el acceso equitativo y universal del personal de salud a fuentes de informaci\u00f3n cient\u00edfico-t\u00e9cnica y referencial en materia de Enfermer\u00eda en\u00a0 Salud Ocupacional\/ Salud del Trabajador.<\/li>\n<li style=\"text-align: justify;\">Contribuir en el desarrollo de las buenas pr\u00e1cticas en salud y enfermer\u00eda centradas en la atenci\u00f3n de los trabajadores.<\/li>\n<li style=\"text-align: justify;\">Intercambiar informaciones entre enfermeros, miembros del equipo multidisciplinario que se desempe\u00f1a en el \u00e1rea de Enfermer\u00eda en\u00a0 Salud Ocupacional\/Salud del Trabajador y instituciones.<\/li>\n<\/ol>\n","protected":false},"excerpt":{"rendered":"<p>Identificar problemas, intereses y prioridades comunes relativos a la pr\u00e1ctica, gesti\u00f3n, investigaci\u00f3n y educaci\u00f3n de enfermeros en Enfermer\u00eda en Salud Ocupacional\/Salud del trabajador. Compartir metodolog\u00edas y recursos tecnol\u00f3gicos destinados a las actividades de cuidado, gesti\u00f3n, ense\u00f1anza, investigaci\u00f3n, informaci\u00f3n y cooperaci\u00f3n t\u00e9cnica relacionadas a la Enfermer\u00eda en Salud Ocupacional\/ Salud del Trabajador. Promover la producci\u00f3n y [&hellip;]<\/p>\n","protected":false},"author":1,"featured_media":0,"parent":0,"menu_order":2,"comment_status":"closed","ping_status":"closed","template":"","meta":{"_monsterinsights_skip_tracking":false,"_monsterinsights_sitenote_active":false,"_monsterinsights_sitenote_note":"","_monsterinsights_sitenote_category":0,"footnotes":""},"class_list":["post-32","page","type-page","status-publish","hentry"],"_links":{"self":[{"href":"https:\/\/gruposdepesquisa.eerp.usp.br\/sites\/redenso\/wp-json\/wp\/v2\/pages\/32","targetHints":{"allow":["GET"]}}],"collection":[{"href":"https:\/\/gruposdepesquisa.eerp.usp.br\/sites\/redenso\/wp-json\/wp\/v2\/pages"}],"about":[{"href":"https:\/\/gruposdepesquisa.eerp.usp.br\/sites\/redenso\/wp-json\/wp\/v2\/types\/page"}],"author":[{"embeddable":true,"href":"https:\/\/gruposdepesquisa.eerp.usp.br\/sites\/redenso\/wp-json\/wp\/v2\/users\/1"}],"replies":[{"embeddable":true,"href":"https:\/\/gruposdepesquisa.eerp.usp.br\/sites\/redenso\/wp-json\/wp\/v2\/comments?post=32"}],"version-history":[{"count":1,"href":"https:\/\/gruposdepesquisa.eerp.usp.br\/sites\/redenso\/wp-json\/wp\/v2\/pages\/32\/revisions"}],"predecessor-version":[{"id":33,"href":"https:\/\/gruposdepesquisa.eerp.usp.br\/sites\/redenso\/wp-json\/wp\/v2\/pages\/32\/revisions\/33"}],"wp:attachment":[{"href":"https:\/\/gruposdepesquisa.eerp.usp.br\/sites\/redenso\/wp-json\/wp\/v2\/media?parent=32"}],"curies":[{"name":"wp","href":"https:\/\/api.w.org\/{rel}","templated":true}]}}